{"id":1080,"date":"2025-10-07T12:29:31","date_gmt":"2025-10-07T10:29:31","guid":{"rendered":"https:\/\/lacadirateatre.com\/?page_id=1080"},"modified":"2025-11-03T17:52:47","modified_gmt":"2025-11-03T16:52:47","slug":"concurs-de-teatre-amateur-de-bellaterra","status":"publish","type":"page","link":"https:\/\/lacadirateatre.com\/?page_id=1080","title":{"rendered":"Concurs de Teatre Amateur de Bellaterra"},"content":{"rendered":"\n<p>Teatre La Cadira organitza i gestiona amb el suport de la EMD de Bellaterra la celebraci\u00f3 del concurs de teatre de Bellaterra. Aquest any 2025 ser\u00e0 la seva segona edici\u00f3 amb 37 propostes de diferents comapnyies amateurs. Ens fa feli\u00e7 veure el bon nivell de les comapnyies catalanes.<\/p>\n\n\n\n<p class=\"has-vivid-cyan-blue-color has-text-color has-link-color has-medium-font-size wp-elements-7b797c990b5e2073b6c59ba8bfba7aab\"><strong><mark style=\"background-color:rgba(0, 0, 0, 0)\" class=\"has-inline-color has-vivid-red-color\"><a href=\"https:\/\/lacadirateatre.com\/?page_id=1073\" data-type=\"page\" data-id=\"1073\">I Concurs de Teatre Amateur de Bellaterra 2024<\/a><\/mark><\/strong><\/p>\n\n\n\n<figure class=\"wp-block-image size-large is-resized\"><img loading=\"lazy\" decoding=\"async\" width=\"724\" height=\"1024\" src=\"https:\/\/lacadirateatre.com\/wp-content\/uploads\/2025\/10\/cartell_concurs-724x1024.jpeg\" alt=\"\" class=\"wp-image-1076\" style=\"width:197px;height:auto\" srcset=\"https:\/\/lacadirateatre.com\/wp-content\/uploads\/2025\/10\/cartell_concurs-724x1024.jpeg 724w, https:\/\/lacadirateatre.com\/wp-content\/uploads\/2025\/10\/cartell_concurs-212x300.jpeg 212w, https:\/\/lacadirateatre.com\/wp-content\/uploads\/2025\/10\/cartell_concurs-768x1086.jpeg 768w, https:\/\/lacadirateatre.com\/wp-content\/uploads\/2025\/10\/cartell_concurs-1087x1536.jpeg 1087w, https:\/\/lacadirateatre.com\/wp-content\/uploads\/2025\/10\/cartell_concurs.jpeg 1132w\" sizes=\"auto, (max-width: 724px) 100vw, 724px\" \/><\/figure>\n\n\n\n<p>ii<\/p>\n\n\n\n<p class=\"has-medium-font-size\"><mark style=\"background-color:rgba(0, 0, 0, 0)\" class=\"has-inline-color has-vivid-cyan-blue-color\"><strong><a href=\"https:\/\/lacadirateatre.com\/?page_id=1085\" data-type=\"page\" data-id=\"1085\">II Concurs de Teatre Amateur de Bellaterra 2025<\/a><\/strong><\/mark><\/p>\n\n\n\n<div class=\"wp-block-buttons is-content-justification-center is-layout-flex wp-container-core-buttons-is-layout-16018d1d wp-block-buttons-is-layout-flex\">\n<div class=\"wp-block-button\"><a class=\"wp-block-button__link has-vivid-red-background-color has-background has-text-align-center wp-element-button\" href=\"https:\/\/www.eventbrite.com\/cc\/ii-concurs-de-teatre-amateur-de-bellaterra-4739283\"><strong>Compra la teva entrada<\/strong><\/a><\/div>\n<\/div>\n\n\n\n<figure class=\"wp-block-image size-large is-resized\"><img loading=\"lazy\" decoding=\"async\" width=\"741\" height=\"1024\" src=\"https:\/\/lacadirateatre.com\/wp-content\/uploads\/2025\/10\/2ConcursTeatreBellaterra-741x1024.jpg\" alt=\"\" class=\"wp-image-1081\" style=\"width:207px;height:auto\" srcset=\"https:\/\/lacadirateatre.com\/wp-content\/uploads\/2025\/10\/2ConcursTeatreBellaterra-741x1024.jpg 741w, https:\/\/lacadirateatre.com\/wp-content\/uploads\/2025\/10\/2ConcursTeatreBellaterra-217x300.jpg 217w, https:\/\/lacadirateatre.com\/wp-content\/uploads\/2025\/10\/2ConcursTeatreBellaterra-768x1061.jpg 768w, https:\/\/lacadirateatre.com\/wp-content\/uploads\/2025\/10\/2ConcursTeatreBellaterra-1112x1536.jpg 1112w, https:\/\/lacadirateatre.com\/wp-content\/uploads\/2025\/10\/2ConcursTeatreBellaterra-1483x2048.jpg 1483w, https:\/\/lacadirateatre.com\/wp-content\/uploads\/2025\/10\/2ConcursTeatreBellaterra-scaled.jpg 1854w\" sizes=\"auto, (max-width: 741px) 100vw, 741px\" \/><\/figure>\n\n\n\n<p><\/p>\n","protected":false},"excerpt":{"rendered":"<p>Teatre La Cadira organitza i gestiona amb el suport de la EMD de Bellaterra la celebraci\u00f3 del concurs de teatre de Bellaterra. Aquest any 2025 ser\u00e0 la seva segona edici\u00f3 &#8230;<\/p>\n","protected":false},"author":1,"featured_media":0,"parent":0,"menu_order":0,"comment_status":"closed","ping_status":"closed","template":"","meta":{"footnotes":""},"class_list":["post-1080","page","type-page","status-publish","hentry"],"_links":{"self":[{"href":"https:\/\/lacadirateatre.com\/index.php?rest_route=\/wp\/v2\/pages\/1080","targetHints":{"allow":["GET"]}}],"collection":[{"href":"https:\/\/lacadirateatre.com\/index.php?rest_route=\/wp\/v2\/pages"}],"about":[{"href":"https:\/\/lacadirateatre.com\/index.php?rest_route=\/wp\/v2\/types\/page"}],"author":[{"embeddable":true,"href":"https:\/\/lacadirateatre.com\/index.php?rest_route=\/wp\/v2\/users\/1"}],"replies":[{"embeddable":true,"href":"https:\/\/lacadirateatre.com\/index.php?rest_route=%2Fwp%2Fv2%2Fcomments&post=1080"}],"version-history":[{"count":4,"href":"https:\/\/lacadirateatre.com\/index.php?rest_route=\/wp\/v2\/pages\/1080\/revisions"}],"predecessor-version":[{"id":1107,"href":"https:\/\/lacadirateatre.com\/index.php?rest_route=\/wp\/v2\/pages\/1080\/revisions\/1107"}],"wp:attachment":[{"href":"https:\/\/lacadirateatre.com\/index.php?rest_route=%2Fwp%2Fv2%2Fmedia&parent=1080"}],"curies":[{"name":"wp","href":"https:\/\/api.w.org\/{rel}","templated":true}]}}