{"id":1085,"date":"2025-10-07T12:44:53","date_gmt":"2025-10-07T10:44:53","guid":{"rendered":"https:\/\/lacadirateatre.com\/?page_id=1085"},"modified":"2025-11-03T17:53:06","modified_gmt":"2025-11-03T16:53:06","slug":"ii-concurs-de-teatre-amateur-de-bellaterra","status":"publish","type":"page","link":"https:\/\/lacadirateatre.com\/?page_id=1085","title":{"rendered":"II Concurs de Teatre Amateur de Bellaterra"},"content":{"rendered":"\n<div class=\"wp-block-buttons is-content-justification-center is-layout-flex wp-container-core-buttons-is-layout-16018d1d wp-block-buttons-is-layout-flex\">\n<div class=\"wp-block-button\"><a class=\"wp-block-button__link has-vivid-red-background-color has-background has-text-align-center wp-element-button\" href=\"https:\/\/www.eventbrite.com\/cc\/ii-concurs-de-teatre-amateur-de-bellaterra-4739283\"><strong>Compra la teva entrada<\/strong><\/a><\/div>\n<\/div>\n\n\n\n<figure class=\"wp-block-image size-large is-resized\"><img loading=\"lazy\" decoding=\"async\" width=\"741\" height=\"1024\" src=\"https:\/\/lacadirateatre.com\/wp-content\/uploads\/2025\/10\/2ConcursTeatreBellaterra-741x1024.jpg\" alt=\"\" class=\"wp-image-1081\" style=\"width:263px;height:auto\" srcset=\"https:\/\/lacadirateatre.com\/wp-content\/uploads\/2025\/10\/2ConcursTeatreBellaterra-741x1024.jpg 741w, https:\/\/lacadirateatre.com\/wp-content\/uploads\/2025\/10\/2ConcursTeatreBellaterra-217x300.jpg 217w, https:\/\/lacadirateatre.com\/wp-content\/uploads\/2025\/10\/2ConcursTeatreBellaterra-768x1061.jpg 768w, https:\/\/lacadirateatre.com\/wp-content\/uploads\/2025\/10\/2ConcursTeatreBellaterra-1112x1536.jpg 1112w, https:\/\/lacadirateatre.com\/wp-content\/uploads\/2025\/10\/2ConcursTeatreBellaterra-1483x2048.jpg 1483w, https:\/\/lacadirateatre.com\/wp-content\/uploads\/2025\/10\/2ConcursTeatreBellaterra-scaled.jpg 1854w\" sizes=\"auto, (max-width: 741px) 100vw, 741px\" \/><\/figure>\n\n\n\n<p>Properament, al <strong>mes de novembre de 2025<\/strong> tindr\u00e0 lloc la <strong>Segona edici\u00f3 del Concurs de Teatre Amateur de Bellaterra<\/strong>. Far\u00e0 el tret de sortida el <strong>Dissabte de 1 de Novembre 2025 a le 19:30<\/strong> la Companyia<strong> Teatre La Cadira<\/strong> amb <strong>Un D\u00e9u Salvatge<\/strong> de Yasmine Reza com a companyia anfitriona, fora de concurs. <\/p>\n\n\n\n<figure class=\"wp-block-image size-large is-resized\"><img loading=\"lazy\" decoding=\"async\" width=\"741\" height=\"1024\" src=\"https:\/\/lacadirateatre.com\/wp-content\/uploads\/2025\/10\/DeuSalvatge-741x1024.jpg\" alt=\"\" class=\"wp-image-1065\" style=\"width:185px;height:auto\" srcset=\"https:\/\/lacadirateatre.com\/wp-content\/uploads\/2025\/10\/DeuSalvatge-741x1024.jpg 741w, https:\/\/lacadirateatre.com\/wp-content\/uploads\/2025\/10\/DeuSalvatge-217x300.jpg 217w, https:\/\/lacadirateatre.com\/wp-content\/uploads\/2025\/10\/DeuSalvatge-768x1061.jpg 768w, https:\/\/lacadirateatre.com\/wp-content\/uploads\/2025\/10\/DeuSalvatge-1112x1536.jpg 1112w, https:\/\/lacadirateatre.com\/wp-content\/uploads\/2025\/10\/DeuSalvatge-1483x2048.jpg 1483w, https:\/\/lacadirateatre.com\/wp-content\/uploads\/2025\/10\/DeuSalvatge-scaled.jpg 1854w\" sizes=\"auto, (max-width: 741px) 100vw, 741px\" \/><\/figure>\n\n\n\n<p><\/p>\n\n\n\n<p>Seguidament, el 2 de novembre a les 18:00 ser\u00e0 el torn del primer finalista amb <strong>Inseparables <\/strong>de <strong>Catherine Butterfield<\/strong> de la Tropa Teatre. <\/p>\n\n\n\n<figure class=\"wp-block-image size-full is-resized\"><img loading=\"lazy\" decoding=\"async\" width=\"671\" height=\"734\" src=\"https:\/\/lacadirateatre.com\/wp-content\/uploads\/2025\/10\/inseperables.png\" alt=\"\" class=\"wp-image-1091\" style=\"width:184px;height:auto\" srcset=\"https:\/\/lacadirateatre.com\/wp-content\/uploads\/2025\/10\/inseperables.png 671w, https:\/\/lacadirateatre.com\/wp-content\/uploads\/2025\/10\/inseperables-274x300.png 274w\" sizes=\"auto, (max-width: 671px) 100vw, 671px\" \/><\/figure>\n\n\n\n<p>El dissabte <strong>8 de novembre a les 19:30<\/strong> podrem gaudir de la proposta del <strong>Centre Cat\u00f2lic de l&#8217;Hospitalet<\/strong> amb <strong>Bomber(s)<\/strong> de <strong>Jean Benoit P\u00e9tric\u00f4t<\/strong>.<\/p>\n\n\n\n<figure class=\"wp-block-image size-full is-resized\"><img loading=\"lazy\" decoding=\"async\" width=\"659\" height=\"870\" src=\"https:\/\/lacadirateatre.com\/wp-content\/uploads\/2025\/10\/bombers.png\" alt=\"\" class=\"wp-image-1089\" style=\"width:182px;height:auto\" srcset=\"https:\/\/lacadirateatre.com\/wp-content\/uploads\/2025\/10\/bombers.png 659w, https:\/\/lacadirateatre.com\/wp-content\/uploads\/2025\/10\/bombers-227x300.png 227w\" sizes=\"auto, (max-width: 659px) 100vw, 659px\" \/><\/figure>\n\n\n\n<p>Finalment el <strong>diumenge 9 de novembre a les 18:00<\/strong> tindrem oportunitat de veure <strong>Desclassificats<\/strong> de <strong>Pere Riera<\/strong>, interpretada per el <strong>Casal Corpus Barcelona<\/strong>.<\/p>\n\n\n\n<figure class=\"wp-block-image size-full is-resized\"><img loading=\"lazy\" decoding=\"async\" width=\"607\" height=\"812\" src=\"https:\/\/lacadirateatre.com\/wp-content\/uploads\/2025\/10\/desclassificats.png\" alt=\"\" class=\"wp-image-1090\" style=\"width:173px;height:auto\" srcset=\"https:\/\/lacadirateatre.com\/wp-content\/uploads\/2025\/10\/desclassificats.png 607w, https:\/\/lacadirateatre.com\/wp-content\/uploads\/2025\/10\/desclassificats-224x300.png 224w\" sizes=\"auto, (max-width: 607px) 100vw, 607px\" \/><\/figure>\n\n\n\n<p>A tot aix\u00f2 el <strong>jurat de La Cadira<\/strong> dictaminar\u00e0 el proper <strong>16 de Novembre a les 18:00<\/strong> qui ser\u00e0 el millor muntatge, aix\u00ed com la millor actriu i acotr principal, i actriu i actor repartiment, i millor director. Ser\u00e0 una entrega de premis carregada de m\u00fasica, emoci\u00f3 i presentada per <strong>Aina Chabert i Joan Bartra<\/strong><\/p>\n\n\n\n<figure class=\"wp-block-image size-full is-resized\"><img loading=\"lazy\" decoding=\"async\" width=\"400\" height=\"499\" src=\"https:\/\/lacadirateatre.com\/wp-content\/uploads\/2025\/10\/trofeu.png\" alt=\"\" class=\"wp-image-1092\" style=\"width:187px;height:auto\" srcset=\"https:\/\/lacadirateatre.com\/wp-content\/uploads\/2025\/10\/trofeu.png 400w, https:\/\/lacadirateatre.com\/wp-content\/uploads\/2025\/10\/trofeu-240x300.png 240w\" sizes=\"auto, (max-width: 400px) 100vw, 400px\" \/><\/figure>\n\n\n\n<p><\/p>\n","protected":false},"excerpt":{"rendered":"<p>Properament, al mes de novembre de 2025 tindr\u00e0 lloc la Segona edici\u00f3 del Concurs de Teatre Amateur de Bellaterra. Far\u00e0 el tret de sortida el Dissabte de 1 de Novembre &#8230;<\/p>\n","protected":false},"author":1,"featured_media":1081,"parent":0,"menu_order":0,"comment_status":"closed","ping_status":"closed","template":"","meta":{"footnotes":""},"class_list":["post-1085","page","type-page","status-publish","has-post-thumbnail","hentry"],"_links":{"self":[{"href":"https:\/\/lacadirateatre.com\/index.php?rest_route=\/wp\/v2\/pages\/1085","targetHints":{"allow":["GET"]}}],"collection":[{"href":"https:\/\/lacadirateatre.com\/index.php?rest_route=\/wp\/v2\/pages"}],"about":[{"href":"https:\/\/lacadirateatre.com\/index.php?rest_route=\/wp\/v2\/types\/page"}],"author":[{"embeddable":true,"href":"https:\/\/lacadirateatre.com\/index.php?rest_route=\/wp\/v2\/users\/1"}],"replies":[{"embeddable":true,"href":"https:\/\/lacadirateatre.com\/index.php?rest_route=%2Fwp%2Fv2%2Fcomments&post=1085"}],"version-history":[{"count":4,"href":"https:\/\/lacadirateatre.com\/index.php?rest_route=\/wp\/v2\/pages\/1085\/revisions"}],"predecessor-version":[{"id":1108,"href":"https:\/\/lacadirateatre.com\/index.php?rest_route=\/wp\/v2\/pages\/1085\/revisions\/1108"}],"wp:featuredmedia":[{"embeddable":true,"href":"https:\/\/lacadirateatre.com\/index.php?rest_route=\/wp\/v2\/media\/1081"}],"wp:attachment":[{"href":"https:\/\/lacadirateatre.com\/index.php?rest_route=%2Fwp%2Fv2%2Fmedia&parent=1085"}],"curies":[{"name":"wp","href":"https:\/\/api.w.org\/{rel}","templated":true}]}}