{"id":1167,"date":"2026-01-14T10:43:06","date_gmt":"2026-01-14T09:43:06","guid":{"rendered":"https:\/\/lacadirateatre.com\/?page_id=1167"},"modified":"2026-01-14T11:21:46","modified_gmt":"2026-01-14T10:21:46","slug":"taller-de-perfeccionament","status":"publish","type":"page","link":"https:\/\/lacadirateatre.com\/?page_id=1167","title":{"rendered":"Perfeccionament"},"content":{"rendered":"\n<p class=\"has-text-align-center has-vivid-cyan-blue-color has-text-color has-link-color wp-elements-ec48efa45b974e55d9abf96de4fff39c\" style=\"font-size:60px\"><strong>Teatre de perfeccionament<\/strong><\/p>\n\n\n<div class=\"wp-block-image\">\n<figure class=\"aligncenter size-large is-resized\"><img loading=\"lazy\" decoding=\"async\" width=\"1024\" height=\"1024\" src=\"https:\/\/lacadirateatre.com\/wp-content\/uploads\/2026\/01\/LogoPer-1024x1024.jpg\" alt=\"\" class=\"wp-image-1173\" style=\"width:200px\" srcset=\"https:\/\/lacadirateatre.com\/wp-content\/uploads\/2026\/01\/LogoPer-1024x1024.jpg 1024w, https:\/\/lacadirateatre.com\/wp-content\/uploads\/2026\/01\/LogoPer-300x300.jpg 300w, https:\/\/lacadirateatre.com\/wp-content\/uploads\/2026\/01\/LogoPer-150x150.jpg 150w, https:\/\/lacadirateatre.com\/wp-content\/uploads\/2026\/01\/LogoPer-768x768.jpg 768w, https:\/\/lacadirateatre.com\/wp-content\/uploads\/2026\/01\/LogoPer.jpg 1260w\" sizes=\"auto, (max-width: 1024px) 100vw, 1024px\" \/><\/figure>\n<\/div>\n\n\n<h2 class=\"wp-block-heading has-vivid-red-color has-text-color has-link-color has-large-font-size wp-elements-d2fd8b925452a984704d489019629aa8\"><strong>Introducci\u00f3<\/strong><\/h2>\n\n\n\n<p>Aquest Taller est\u00e0 orientat a aquelles persones que ja tenen s\u00f2lids fonaments de teatre i volen aprofundir i ampliar els seus recursos teatrals<strong>Contingut del taller<\/strong><\/p>\n\n\n\n<p class=\"has-vivid-red-color has-text-color has-link-color has-large-font-size wp-elements-2f3365a3b4d8943f16b12d4e47ed4054\"><strong><strong>Contingut del taller<\/strong><\/strong><\/p>\n\n\n\n<p><\/p>\n\n\n\n<ol class=\"wp-block-list\">\n<li>Introducci\u00f3: Ampliaci\u00f3 dels recursos actorals \u2013 Les variables.<\/li>\n\n\n\n<li>Encadenament de les variables amb text<\/li>\n\n\n\n<li>L\u2019expressi\u00f3 abans de la paraula i despr\u00e9s de la paraula<\/li>\n\n\n\n<li>Di\u00e0leg d\u2019expressions amb paraula i sense paraula<\/li>\n\n\n\n<li>Transicions d\u2019expressions lentes i r\u00e0pides.<\/li>\n\n\n\n<li>Expressions Extremes: El plor i el riure, la r\u00e0bia.<\/li>\n\n\n\n<li>Camins cap a la veritat: La vulnerabilitat<\/li>\n\n\n\n<li>Camins cap a la veritat: La r\u00e0bia<\/li>\n\n\n\n<li>Camins cap a la veritat: La seducci\u00f3<\/li>\n\n\n\n<li>Camins cap a la veritat: La felicitat<\/li>\n\n\n\n<li>Camins cap a la veritat: La tristesa<\/li>\n\n\n\n<li>Mon\u00f2legs<\/li>\n<\/ol>\n\n\n\n<h2 class=\"wp-block-heading has-vivid-red-color has-text-color has-link-color has-large-font-size wp-elements-c46e3026f4953cad8c814f96db1312bf\"><strong>Funcionament del taller<\/strong><\/h2>\n\n\n\n<p>Aquest taller tindr\u00e0 una durada de 3 mesos amb 12 sessions de 1:30 h. Les sessions es faran al <strong>C\/Pedregar, 6 de 19:00 h a 20:30 h.<\/strong><\/p>\n\n\n\n<p>El seu cost \u00e9s de <strong>40 euros mensuals<\/strong> o <strong>de 120 euros trimestrals<\/strong>. El pagament mensual es pot fer en qualsevol moment del mes en curs i en la modalitat de pagament trimestral en qualsevol moment abans de la finalitzaci\u00f3 del curs. (Si es desitja factura m\u2019ho podeu sol\u00b7licitar)<\/p>\n\n\n\n<p>Els pagaments es podran efectuar via transfer\u00e8ncia <strong>ES94 1465 0210 3117 5534 6228<\/strong> o b\u00e9 via bizum al <strong>661707195<\/strong><\/p>\n\n\n\n<p>Aquest taller ofereix tamb\u00e9 la possibilitat que altres participants puguin accedir a alguna de les sessions programades de manera puntual. En aquest cas, les sessions tindran un cost de <strong>20 euros cadascuna<\/strong>.<\/p>\n\n\n\n<p>La incorporaci\u00f3 d\u2019algun participant al taller en posterioritat a l\u2019inici del taller amb voluntat d\u2019assistir a totes les restants sessions podr\u00e0 ser efectiva i el seu cost ser\u00e0 proporcional a les sessions restants.<\/p>\n","protected":false},"excerpt":{"rendered":"<p>Teatre de perfeccionament Introducci\u00f3 Aquest Taller est\u00e0 orientat a aquelles persones que ja tenen s\u00f2lids fonaments de teatre i volen aprofundir i ampliar els seus recursos teatralsContingut del taller Contingut &#8230;<\/p>\n","protected":false},"author":1,"featured_media":0,"parent":0,"menu_order":0,"comment_status":"closed","ping_status":"closed","template":"","meta":{"footnotes":""},"class_list":["post-1167","page","type-page","status-publish","hentry"],"_links":{"self":[{"href":"https:\/\/lacadirateatre.com\/index.php?rest_route=\/wp\/v2\/pages\/1167","targetHints":{"allow":["GET"]}}],"collection":[{"href":"https:\/\/lacadirateatre.com\/index.php?rest_route=\/wp\/v2\/pages"}],"about":[{"href":"https:\/\/lacadirateatre.com\/index.php?rest_route=\/wp\/v2\/types\/page"}],"author":[{"embeddable":true,"href":"https:\/\/lacadirateatre.com\/index.php?rest_route=\/wp\/v2\/users\/1"}],"replies":[{"embeddable":true,"href":"https:\/\/lacadirateatre.com\/index.php?rest_route=%2Fwp%2Fv2%2Fcomments&post=1167"}],"version-history":[{"count":6,"href":"https:\/\/lacadirateatre.com\/index.php?rest_route=\/wp\/v2\/pages\/1167\/revisions"}],"predecessor-version":[{"id":1181,"href":"https:\/\/lacadirateatre.com\/index.php?rest_route=\/wp\/v2\/pages\/1167\/revisions\/1181"}],"wp:attachment":[{"href":"https:\/\/lacadirateatre.com\/index.php?rest_route=%2Fwp%2Fv2%2Fmedia&parent=1167"}],"curies":[{"name":"wp","href":"https:\/\/api.w.org\/{rel}","templated":true}]}}