{"id":1170,"date":"2026-01-14T10:49:49","date_gmt":"2026-01-14T09:49:49","guid":{"rendered":"https:\/\/lacadirateatre.com\/?page_id=1170"},"modified":"2026-01-14T11:22:11","modified_gmt":"2026-01-14T10:22:11","slug":"1170-2","status":"publish","type":"page","link":"https:\/\/lacadirateatre.com\/?page_id=1170","title":{"rendered":"Intermig"},"content":{"rendered":"\n<p class=\"has-text-align-center has-vivid-cyan-blue-color has-text-color has-link-color wp-elements-d27694a408263635667f2b4299651306\" style=\"font-size:60px\"><strong>Taller de teatre intermig<\/strong><\/p>\n\n\n<div class=\"wp-block-image\">\n<figure class=\"aligncenter size-large is-resized\"><img loading=\"lazy\" decoding=\"async\" width=\"1024\" height=\"1024\" src=\"https:\/\/lacadirateatre.com\/wp-content\/uploads\/2026\/01\/LogoIni2-1024x1024.jpg\" alt=\"\" class=\"wp-image-1171\" style=\"width:200px;height:auto\" srcset=\"https:\/\/lacadirateatre.com\/wp-content\/uploads\/2026\/01\/LogoIni2-1024x1024.jpg 1024w, https:\/\/lacadirateatre.com\/wp-content\/uploads\/2026\/01\/LogoIni2-300x300.jpg 300w, https:\/\/lacadirateatre.com\/wp-content\/uploads\/2026\/01\/LogoIni2-150x150.jpg 150w, https:\/\/lacadirateatre.com\/wp-content\/uploads\/2026\/01\/LogoIni2-768x768.jpg 768w, https:\/\/lacadirateatre.com\/wp-content\/uploads\/2026\/01\/LogoIni2.jpg 1260w\" sizes=\"auto, (max-width: 1024px) 100vw, 1024px\" \/><\/figure>\n<\/div>\n\n\n<p class=\"has-black-color has-text-color has-link-color has-large-font-size wp-elements-e80a998884d7b9471a11765c61d28adf\"><strong>Introducci\u00f3<\/strong><\/p>\n\n\n\n<p>Aquest taller est\u00e0 dirigit a persones que volen seguir aprenent conceptes teatrals i endinsant-se en la practica del teatre.<\/p>\n\n\n\n<h2 class=\"wp-block-heading has-large-font-size\"><strong>Contingut del taller<\/strong><\/h2>\n\n\n\n<ol class=\"wp-block-list\">\n<li>Sessi\u00f3 1 19\/01\/2026: Introducci\u00f3: Prop\u00f2sit del teatre \/ Exercicis<\/li>\n\n\n\n<li>Sessi\u00f3 2 26\/01\/2026: Introducci\u00f3 als Recursos actorals \u2013 Les variables. \/ Exercicis<\/li>\n\n\n\n<li>Sessi\u00f3 3: 02\/02\/2026: Exercitant les variables (facial, facial\/corporal, facial\/corporal\/postural) \/ Exercicis<\/li>\n\n\n\n<li>Sessi\u00f3 4 09\/02\/2026: Exercitant les variables ( gest i moviment) \/ Exercicis<\/li>\n\n\n\n<li>Sessi\u00f3 5 16\/02\/2026: Assaig d\u2019obra<\/li>\n\n\n\n<li>Sessi\u00f3 6 23\/02\/2026: Assaig d\u2019obra<\/li>\n\n\n\n<li>Sessi\u00f3 7 02\/03\/2026: Assaig d\u2019obra<\/li>\n\n\n\n<li>Sessi\u00f3 8 09\/03\/2026: Assaig d\u2019obra<\/li>\n\n\n\n<li><\/li>\n\n\n\n<li>Sessi\u00f3 9 16\/03\/2026: Assaig d\u2019obra<\/li>\n\n\n\n<li>Sessi\u00f3 10 23\/03\/2026: Assaig d\u2019obra<\/li>\n\n\n\n<li>Sessi\u00f3 11 30\/03\/2026: Assaig d\u2019obra<\/li>\n\n\n\n<li>Sessi\u00f3 12 06\/04\/2026: Assaig d\u2019obra<\/li>\n<\/ol>\n\n\n\n<h2 class=\"wp-block-heading has-large-font-size\"><strong>Funcionament del taller<\/strong><\/h2>\n\n\n\n<p>Aquest taller tindr\u00e0 una durada de 3 mesos amb 12 sessions de 1:30 h. Les sessions es faran al <strong>C\/Pedregar, 6 de 19:00 h a 20:30 h i comen\u00e7aran el 19 de gener.<\/strong><\/p>\n\n\n\n<p>El seu cost \u00e9s de <strong>120 euros en pagament \u00fanic o b\u00e9 en 3 pagaments de 40 euros<\/strong>. Si es desitja factura m\u2019ho podeu sol\u00b7licitar)<\/p>\n\n\n\n<p>Els pagaments es podran efectuar via transfer\u00e8ncia <strong>ES94 1465 0210 3117 5534 6228<\/strong> o b\u00e9 via bizum al <strong>661707195<\/strong><\/p>\n\n\n\n<p>La incorporaci\u00f3 d\u2019algun participant al taller en posterioritat a l\u2019inici del taller amb voluntat d\u2019assistir a totes les restants sessions podr\u00e0 ser efectiva i el seu cost ser\u00e0 proporcional a les sessions restants.<\/p>\n\n\n\n<p>PD: Tot el m\u00e8tode no \u00e9s producte de cap aplicaci\u00f3 d\u2019intel\u00b7lig\u00e8ncia artificial sin\u00f3 de reflexions i conclusions personals que he arribat a tenir al llarg d\u2019anys de teatre.<\/p>\n","protected":false},"excerpt":{"rendered":"<p>Taller de teatre intermig Introducci\u00f3 Aquest taller est\u00e0 dirigit a persones que volen seguir aprenent conceptes teatrals i endinsant-se en la practica del teatre. Contingut del taller Funcionament del taller &#8230;<\/p>\n","protected":false},"author":1,"featured_media":0,"parent":0,"menu_order":0,"comment_status":"closed","ping_status":"closed","template":"","meta":{"footnotes":""},"class_list":["post-1170","page","type-page","status-publish","hentry"],"_links":{"self":[{"href":"https:\/\/lacadirateatre.com\/index.php?rest_route=\/wp\/v2\/pages\/1170","targetHints":{"allow":["GET"]}}],"collection":[{"href":"https:\/\/lacadirateatre.com\/index.php?rest_route=\/wp\/v2\/pages"}],"about":[{"href":"https:\/\/lacadirateatre.com\/index.php?rest_route=\/wp\/v2\/types\/page"}],"author":[{"embeddable":true,"href":"https:\/\/lacadirateatre.com\/index.php?rest_route=\/wp\/v2\/users\/1"}],"replies":[{"embeddable":true,"href":"https:\/\/lacadirateatre.com\/index.php?rest_route=%2Fwp%2Fv2%2Fcomments&post=1170"}],"version-history":[{"count":2,"href":"https:\/\/lacadirateatre.com\/index.php?rest_route=\/wp\/v2\/pages\/1170\/revisions"}],"predecessor-version":[{"id":1182,"href":"https:\/\/lacadirateatre.com\/index.php?rest_route=\/wp\/v2\/pages\/1170\/revisions\/1182"}],"wp:attachment":[{"href":"https:\/\/lacadirateatre.com\/index.php?rest_route=%2Fwp%2Fv2%2Fmedia&parent=1170"}],"curies":[{"name":"wp","href":"https:\/\/api.w.org\/{rel}","templated":true}]}}