{"id":210,"date":"2022-04-01T09:21:19","date_gmt":"2022-04-01T09:21:19","guid":{"rendered":"https:\/\/lacadirateatre.com\/?page_id=210"},"modified":"2024-07-01T11:04:32","modified_gmt":"2024-07-01T09:04:32","slug":"qui-soc","status":"publish","type":"page","link":"https:\/\/lacadirateatre.com\/?page_id=210","title":{"rendered":"Qui soc?"},"content":{"rendered":"\n<div class=\"wp-block-media-text is-stacked-on-mobile is-vertically-aligned-top\" style=\"grid-template-columns:15% auto\"><figure class=\"wp-block-media-text__media\"><img loading=\"lazy\" decoding=\"async\" width=\"481\" height=\"640\" src=\"https:\/\/lacadirateatre.com\/wp-content\/uploads\/2022\/03\/IMG_5162.jpg\" alt=\"\" class=\"wp-image-181 size-full\" srcset=\"https:\/\/lacadirateatre.com\/wp-content\/uploads\/2022\/03\/IMG_5162.jpg 481w, https:\/\/lacadirateatre.com\/wp-content\/uploads\/2022\/03\/IMG_5162-225x300.jpg 225w\" sizes=\"auto, (max-width: 481px) 100vw, 481px\" \/><\/figure><div class=\"wp-block-media-text__content\">\n<div class=\"wp-block-group\"><div class=\"wp-block-group__inner-container is-layout-flow wp-block-group-is-layout-flow\">\n<pre class=\"wp-block-verse my-justify-class has-small-font-size\">Hola!<br><br>Soc en <strong>Roger Pall\u00e0s <\/strong>i si m'ho permets m'agradaria molt convidar-te a fer un tastet de teatre, que participessis al <strong>taller de teatre La Cadira<\/strong>. <br><br>La meva perspectiva del teatre, potser exigent dintre del teatre amateur, parteix de l'observaci\u00f3 de tot el que ens envolta, de qui ens envolta i com ens envolta i sobretot del que sentim.<br><br>La meva formaci\u00f3 en teatre s'inicia als <strong><a href=\"https:\/\/lluisosdegracia.cat\/\">Llu\u00efsos de Gr\u00e0cia<\/a><\/strong> entre els anys 2003 i 2007 on com a actor vaig representar diverses obres (<strong><em>Criatures<\/em><\/strong> de <strong>T de Teatre<\/strong>, <strong><em>Despr\u00e9s de la Pluja<\/em><\/strong> de <strong>Sergi Belbel<\/strong>, <strong><em>L'Estranya Parella<\/em><\/strong> de <strong>Dario Fo<\/strong>).<br><br>M\u00e9s tard, en el 2004, vaig cursar dos anys de <strong>t\u00e8cnica actoral<\/strong> i de <strong>consci\u00e8ncia del cos a<\/strong> l'<strong>Escola de  Teatre L'escala<\/strong> de la m\u00e0 de <em>H\u00e9ctor Veronese i Eduardo Jara<\/em> amb treball final de curs basada en la representaci\u00f3 de <strong><em>Car\u00edcies<\/em><\/strong> de <strong>Sergi Belbel<\/strong>.<br><br>Va ser a partir d'aleshores que la faceta de la direcci\u00f3 teatral i en concret escriure teatre va ser m\u00e9s protagonista que l'actoral. Aix\u00f2 va ser possible  gr\u00e0cies a la vinculaci\u00f3 que mantinc encara amb <strong><a href=\"https:\/\/helena-teatre.business.site\/\" data-type=\"URL\" data-id=\"https:\/\/helena-teatre.business.site\/\">la companyia de teatre Helena Teatre<\/a><\/strong> que m'ha perm\u00e8s representar, dirigir, i escriure textos propis com (<em><strong>Conjunt Buit, El N\u00e9t, Esperant l'\u00d2scar, La Rebel\u00b7li\u00f3 de les Dones<\/strong><\/em>) i d'altres obres de teatre d'altres autors com (<em>La Cabra o qui \u00e9s S\u00edlvia <\/em>d'<strong>Eduard Albee<\/strong>).<br><br>Per\u00f2 el que de veritat m'agrada m\u00e9s i despr\u00e9s de tots aquests anys \u00e9s <strong>ensenyar, dirigir, transmetre, il\u00b7lusionar<\/strong>... Il\u00b7lusionar a la gent que emprengui un viatge meravell\u00f3s, un viatge basat en un treball de creaci\u00f3 propi i compartit, compartit amb tots i a diferents nivells (actoral, musical, art\u00edstic, crom\u00e0tic, d'interpretaci\u00f3 de la vida, del qu\u00e8 gaudim i del que no...).<br><br>Intento ser una persona honesta, humil, treballadora, exigent, observadora, apassionada i amb sentit de l'humor!<br><br>Dit aix\u00f2, em fa molt ail\u00b7lusi\u00f3 dir-vos tamb\u00e9 que <strong>TEATRE LA CADIRA<\/strong> ha anat evolucionant i creixent en aquest darrers dos anys i actualment a m\u00e9s dels seus tallers que proposa a l'EMD i a d'altres centres com l'Hospital Cl\u00ednic, <strong>TEATRE LA CADIRA<\/strong> s'ha format ara com a <strong>COMPANYIA TEATRE LA CADIRA<\/strong> iniciant-se en <strong>aquesta tardor 2024<\/strong> am la seva primera proposta amb la obra Una <strong>Aire de Familia<\/strong><br><br>Que la for\u00e7a del teatre t'acompanyi!<\/pre>\n<\/div><\/div>\n<\/div><\/div>\n\n\n\n<p><\/p>\n\n\n\n<p><\/p>\n","protected":false},"excerpt":{"rendered":"","protected":false},"author":1,"featured_media":0,"parent":0,"menu_order":0,"comment_status":"closed","ping_status":"closed","template":"","meta":{"footnotes":""},"class_list":["post-210","page","type-page","status-publish","hentry"],"_links":{"self":[{"href":"https:\/\/lacadirateatre.com\/index.php?rest_route=\/wp\/v2\/pages\/210","targetHints":{"allow":["GET"]}}],"collection":[{"href":"https:\/\/lacadirateatre.com\/index.php?rest_route=\/wp\/v2\/pages"}],"about":[{"href":"https:\/\/lacadirateatre.com\/index.php?rest_route=\/wp\/v2\/types\/page"}],"author":[{"embeddable":true,"href":"https:\/\/lacadirateatre.com\/index.php?rest_route=\/wp\/v2\/users\/1"}],"replies":[{"embeddable":true,"href":"https:\/\/lacadirateatre.com\/index.php?rest_route=%2Fwp%2Fv2%2Fcomments&post=210"}],"version-history":[{"count":6,"href":"https:\/\/lacadirateatre.com\/index.php?rest_route=\/wp\/v2\/pages\/210\/revisions"}],"predecessor-version":[{"id":789,"href":"https:\/\/lacadirateatre.com\/index.php?rest_route=\/wp\/v2\/pages\/210\/revisions\/789"}],"wp:attachment":[{"href":"https:\/\/lacadirateatre.com\/index.php?rest_route=%2Fwp%2Fv2%2Fmedia&parent=210"}],"curies":[{"name":"wp","href":"https:\/\/api.w.org\/{rel}","templated":true}]}}