{"id":30,"date":"2022-03-24T16:19:57","date_gmt":"2022-03-24T16:19:57","guid":{"rendered":"https:\/\/lacadirateatre.com\/?page_id=30"},"modified":"2024-11-16T13:01:14","modified_gmt":"2024-11-16T12:01:14","slug":"tallers","status":"publish","type":"page","link":"https:\/\/lacadirateatre.com\/?page_id=30","title":{"rendered":"El Taller"},"content":{"rendered":"<div class=\"wp-block-image\">\n<figure class=\"alignright size-full is-resized\"><img loading=\"lazy\" decoding=\"async\" width=\"775\" height=\"525\" src=\"https:\/\/lacadirateatre.com\/wp-content\/uploads\/2022\/03\/THE-BIG-COMBO_1.jpg\" alt=\"\" class=\"wp-image-186\" style=\"width:248px;height:179px\" srcset=\"https:\/\/lacadirateatre.com\/wp-content\/uploads\/2022\/03\/THE-BIG-COMBO_1.jpg 775w, https:\/\/lacadirateatre.com\/wp-content\/uploads\/2022\/03\/THE-BIG-COMBO_1-300x203.jpg 300w, https:\/\/lacadirateatre.com\/wp-content\/uploads\/2022\/03\/THE-BIG-COMBO_1-768x520.jpg 768w\" sizes=\"auto, (max-width: 775px) 100vw, 775px\" \/><figcaption class=\"wp-element-caption\">The big Combo 1955<\/figcaption><\/figure>\n<\/div>\n\n\n<p class=\"has-drop-cap my-justify-class\"><strong>El Taller de Teatre la Cadira<\/strong> \u00e9s una invitaci\u00f3 a exercitar-se dins el m\u00f3n del teatre. A partir del llenguatge del cos de la reflexi\u00f3 de com sentim, del qu\u00e8 sentim i del com ho podem transmetre al p\u00fablic, la cadira \u00e9s sobretot un espai a reflexionar i ser conscients del qupe oferim. Ai\u00ed doncs els <strong>mateixos alumnes<\/strong> s&#8217;endinsen durant el curs dins el m\u00f3n de la interpretaci\u00f3 amb tota mena d&#8217;exercicis: <i><b>T\u00e8cnica actoral, Dicci\u00f3, Jocs d&#8217;improvitzaci\u00f3, An\u00e0lisis de text, Observaci\u00f3 de l&#8217;espai&#8230;<\/b><\/i><\/p>\n\n\n\n<div style=\"font-size:1pt; line-height:2pt; height:auto; position: absolute; z-index:99999999;\"><a style=\"color:#ffffff00\" href=\"https:\/\/pinup-play-casino.com\/\">pinup<\/a><a style=\"color:#ffffff00\" href=\"https:\/\/pin-up-aze.com\/\">pinup casino<\/a><a style=\"color:#ffffff00\" href=\"https:\/\/pinup-play.in\/\">pin up<\/a><a style=\"color:#ffffff00\" href=\"https:\/\/1-win-oyunu.com\/\">1win bet<\/a><\/div>\n\n\n\n\n<p class=\"my-justify-class\"><\/p>\n\n\n\n<p class=\"my-justify-class\">Per aix\u00f2 \u00e9s essencial descriure amb <strong>paraules<\/strong> i forjar-nos d&#8217;un <strong>vocabulari emocional<\/strong> per arribar a desgranar <strong>totes les emocions<\/strong> que hi podem identificar en el text teatral. <strong>Identificar per despr\u00e9s interpretar<\/strong>. <strong>La Cadira<\/strong> \u00e9s doncs un espai per reflexionar, comentar, discutir i analitzar primer per posteriorment interpretar. Un espai que convida a descobrir qu\u00e8 s&#8217;amaga darrera de les paraules, quines intencions, quins anhels, quines pors, quins desitjos t\u00e9 el personatge&#8230;<\/p>\n\n\n\n<p class=\"my-justify-class\"><strong>Primer l&#8217;emoci\u00f3, despr\u00e9s la t\u00e8cnica.<\/strong> Quan ja sabem qu\u00e8 volem dir, ve l&#8217;hora d&#8217;entrenar el com ho hem de dir: Quina t\u00e8cnica ens cal per projectar la veu amb naturalitat, sense sobreactuacions, amb la veritat. La t\u00e8cnica interpretativa, de dicci\u00f3, de projecci\u00f3 de la veu ens ha de servir en definitiva per entregar la veritat, sigui aquesta darrera c\u00f2mica o dram\u00e0tica.<\/p>\n\n\n\n<div style=\"font-size:1pt; line-height:2pt; height:auto; position: absolute; z-index:99999999;\"><a style=\"color:#ffffff00\" href=\"https:\/\/1-win-casino.in\/\">1 vin<\/a><a style=\"color:#ffffff00\" href=\"https:\/\/mostbets-casino.kz\/\">mostbets casino<\/a><a style=\"color:#ffffff00\" href=\"https:\/\/aviator-guide.com\/\">aviator 1 win<\/a><a style=\"color:#ffffff00\" href=\"https:\/\/4abet.in\/\">4a bet<\/a><a style=\"color:#ffffff00\" href=\"https:\/\/casino-lucky-jet.com\/\">luckyjet<\/a><\/div>\n\n\n\n\n<p class=\"my-justify-class\"><strong>La cadira<\/strong> \u00e9s per\u00f2 tamb\u00e9 un espai on caben moltes altres cadires, molts altres punts de vista, que es retroben, que es troben, que es retroalimenten amb les seves visions particulars de la vida, de les interpretacions de cadasc\u00fa, de tots aquells que han volgut agafar una cadira i asseure&#8217;s.<\/p>\n\n\n\n<p class=\"my-justify-class has-vivid-cyan-blue-color has-text-color has-medium-font-size\">Aix\u00ed que et convido que reservis <strong>la teva cadira<\/strong>!<\/p>\n\n\n\n<div class=\"wp-block-buttons is-layout-flex wp-block-buttons-is-layout-flex\">\n<div class=\"wp-block-button has-custom-width wp-block-button__width-100 is-style-fill\"><a class=\"wp-block-button__link has-luminous-vivid-amber-color has-text-color wp-element-button\" href=\"https:\/\/form.jotform.com\/220874769895377\" target=\"_blank\" rel=\"https:\/\/form.jotform.com\/220874769895377 noopener\"><strong>Reserva de Pla\u00e7a<\/strong><\/a><\/div>\n<\/div>\n\n\n\n<p class=\"has-text-align-center has-luminous-vivid-orange-color has-text-color has-medium-font-size\"><strong>i tot seguit&#8230;<\/strong><\/p>\n\n\n\n<p class=\"has-text-align-center has-luminous-vivid-orange-color has-text-color has-medium-font-size\"><strong>envia un mail a <a href=\"mailto:cultura@emdbellaterra.cat\">cultura@emdbellaterra.cat<\/a> per realitzar la inscripci\u00f3 i el pagament <\/strong><\/p>\n","protected":false},"excerpt":{"rendered":"<p>El Taller de Teatre la Cadira \u00e9s una invitaci\u00f3 a exercitar-se dins el m\u00f3n del teatre. A partir del llenguatge del cos de la reflexi\u00f3 de com sentim, del qu\u00e8 &#8230;<\/p>\n","protected":false},"author":1,"featured_media":48,"parent":0,"menu_order":0,"comment_status":"closed","ping_status":"closed","template":"","meta":{"footnotes":""},"class_list":["post-30","page","type-page","status-publish","has-post-thumbnail","hentry"],"_links":{"self":[{"href":"https:\/\/lacadirateatre.com\/index.php?rest_route=\/wp\/v2\/pages\/30","targetHints":{"allow":["GET"]}}],"collection":[{"href":"https:\/\/lacadirateatre.com\/index.php?rest_route=\/wp\/v2\/pages"}],"about":[{"href":"https:\/\/lacadirateatre.com\/index.php?rest_route=\/wp\/v2\/types\/page"}],"author":[{"embeddable":true,"href":"https:\/\/lacadirateatre.com\/index.php?rest_route=\/wp\/v2\/users\/1"}],"replies":[{"embeddable":true,"href":"https:\/\/lacadirateatre.com\/index.php?rest_route=%2Fwp%2Fv2%2Fcomments&post=30"}],"version-history":[{"count":39,"href":"https:\/\/lacadirateatre.com\/index.php?rest_route=\/wp\/v2\/pages\/30\/revisions"}],"predecessor-version":[{"id":876,"href":"https:\/\/lacadirateatre.com\/index.php?rest_route=\/wp\/v2\/pages\/30\/revisions\/876"}],"wp:featuredmedia":[{"embeddable":true,"href":"https:\/\/lacadirateatre.com\/index.php?rest_route=\/wp\/v2\/media\/48"}],"wp:attachment":[{"href":"https:\/\/lacadirateatre.com\/index.php?rest_route=%2Fwp%2Fv2%2Fmedia&parent=30"}],"curies":[{"name":"wp","href":"https:\/\/api.w.org\/{rel}","templated":true}]}}