{"id":483,"date":"2024-01-29T11:21:58","date_gmt":"2024-01-29T10:21:58","guid":{"rendered":"https:\/\/lacadirateatre.com\/?page_id=483"},"modified":"2024-01-31T11:00:53","modified_gmt":"2024-01-31T10:00:53","slug":"taller-descenes-de-pel%c2%b7licules","status":"publish","type":"page","link":"https:\/\/lacadirateatre.com\/?page_id=483","title":{"rendered":"Taller d&#8217;Escenes de Pel\u00b7l\u00edcules"},"content":{"rendered":"\n<p><strong>Teatre La Cadira<\/strong> ofereix durant el mes de <strong>juliol 2024 <\/strong>en <strong>quatre sessions <\/strong>una aproximaci\u00f3 a algunes de les escenes i di\u00e0legs m\u00e9s memorables de la hist\u00f2ria del cinema: <strong>Pul fiction Sunset Boulevard, My dinner with Andr\u00e9, El Padrino, Glengarry Glen Ross, EL Gran Lebowski, Social Net, Casablanca, etc&#8230; <\/strong><\/p>\n\n\n\n<p>No es tracta de reproduir o imitar la interpretaci\u00f3 de <strong>John Travolta, Nicole Kidman, Marlon Brando o Gl\u00f2ria Swanson<\/strong>, sino identificar el conflicte intern que la escena planteja, i en funci\u00f3 d&#8217;aix\u00f2, integrar-lo, desenvolupar-lo, modificar-lo d&#8217;acord amb el segell actoral propi de cadasc\u00fa.<\/p>\n\n\n\n<p>En definitiva una oportunitat per gaudir, per divertir-se en 4 dies. <\/p>\n\n\n\n<p class=\"has-text-align-center\"><strong>En aquest taller el nivell no \u00e9s important, l&#8217;important \u00e9s ganes de divertir-se i gaudir!!!!!<\/strong><\/p>\n\n\n\n<p><em>*El Grup tindr\u00e0 un m\u00ednim de 6 participants i un m\u00e0xim de 8 participants. Un cop reservada la teva pla\u00e7a rebr\u00e0s un mail de confirmaci\u00f3.<\/em><\/p>\n\n\n\n<div class=\"wp-block-buttons is-content-justification-center is-layout-flex wp-container-core-buttons-is-layout-16018d1d wp-block-buttons-is-layout-flex\">\n<div class=\"wp-block-button is-style-fill\"><a class=\"wp-block-button__link\" href=\"https:\/\/form.jotform.com\/240282486642055\">Reserva la teva pla\u00e7a<\/a><\/div>\n<\/div>\n\n\n\n<p>Aquestes son algunes escenes de les seg\u00fcents pel\u00edcules que tu pots interpretar!<\/p>\n\n\n\n<figure class=\"wp-block-gallery has-nested-images columns-default is-cropped wp-block-gallery-1 is-layout-flex wp-block-gallery-is-layout-flex\">\n<figure class=\"wp-block-image size-large\"><img loading=\"lazy\" decoding=\"async\" width=\"1871\" height=\"2560\" data-id=\"498\" src=\"https:\/\/lacadirateatre.com\/wp-content\/uploads\/2024\/01\/pulp-fiction-scaled.jpg\" alt=\"\" class=\"wp-image-498\" srcset=\"https:\/\/lacadirateatre.com\/wp-content\/uploads\/2024\/01\/pulp-fiction-scaled.jpg 1871w, https:\/\/lacadirateatre.com\/wp-content\/uploads\/2024\/01\/pulp-fiction-219x300.jpg 219w, https:\/\/lacadirateatre.com\/wp-content\/uploads\/2024\/01\/pulp-fiction-748x1024.jpg 748w, https:\/\/lacadirateatre.com\/wp-content\/uploads\/2024\/01\/pulp-fiction-768x1051.jpg 768w, https:\/\/lacadirateatre.com\/wp-content\/uploads\/2024\/01\/pulp-fiction-1122x1536.jpg 1122w, https:\/\/lacadirateatre.com\/wp-content\/uploads\/2024\/01\/pulp-fiction-1497x2048.jpg 1497w\" sizes=\"auto, (max-width: 1871px) 100vw, 1871px\" \/><\/figure>\n\n\n\n<figure class=\"wp-block-image size-large\"><img loading=\"lazy\" decoding=\"async\" width=\"1704\" height=\"2560\" data-id=\"497\" src=\"https:\/\/lacadirateatre.com\/wp-content\/uploads\/2024\/01\/Sunset_Boulevard_1950_poster-scaled.jpg\" alt=\"\" class=\"wp-image-497\" srcset=\"https:\/\/lacadirateatre.com\/wp-content\/uploads\/2024\/01\/Sunset_Boulevard_1950_poster-scaled.jpg 1704w, https:\/\/lacadirateatre.com\/wp-content\/uploads\/2024\/01\/Sunset_Boulevard_1950_poster-200x300.jpg 200w, https:\/\/lacadirateatre.com\/wp-content\/uploads\/2024\/01\/Sunset_Boulevard_1950_poster-682x1024.jpg 682w, https:\/\/lacadirateatre.com\/wp-content\/uploads\/2024\/01\/Sunset_Boulevard_1950_poster-768x1154.jpg 768w, https:\/\/lacadirateatre.com\/wp-content\/uploads\/2024\/01\/Sunset_Boulevard_1950_poster-1022x1536.jpg 1022w, https:\/\/lacadirateatre.com\/wp-content\/uploads\/2024\/01\/Sunset_Boulevard_1950_poster-1363x2048.jpg 1363w\" sizes=\"auto, (max-width: 1704px) 100vw, 1704px\" \/><\/figure>\n\n\n\n<figure class=\"wp-block-image size-large\"><img loading=\"lazy\" decoding=\"async\" width=\"987\" height=\"1500\" data-id=\"496\" src=\"https:\/\/lacadirateatre.com\/wp-content\/uploads\/2024\/01\/MV5BYWZlMTk2MTYtYTlhMC00MjRiLWJlYzYtMWEzODY0NzFjYjFlXkEyXkFqcGdeQXVyMTA0MTM5NjI2._V1_.jpg\" alt=\"\" class=\"wp-image-496\" srcset=\"https:\/\/lacadirateatre.com\/wp-content\/uploads\/2024\/01\/MV5BYWZlMTk2MTYtYTlhMC00MjRiLWJlYzYtMWEzODY0NzFjYjFlXkEyXkFqcGdeQXVyMTA0MTM5NjI2._V1_.jpg 987w, https:\/\/lacadirateatre.com\/wp-content\/uploads\/2024\/01\/MV5BYWZlMTk2MTYtYTlhMC00MjRiLWJlYzYtMWEzODY0NzFjYjFlXkEyXkFqcGdeQXVyMTA0MTM5NjI2._V1_-197x300.jpg 197w, https:\/\/lacadirateatre.com\/wp-content\/uploads\/2024\/01\/MV5BYWZlMTk2MTYtYTlhMC00MjRiLWJlYzYtMWEzODY0NzFjYjFlXkEyXkFqcGdeQXVyMTA0MTM5NjI2._V1_-674x1024.jpg 674w, https:\/\/lacadirateatre.com\/wp-content\/uploads\/2024\/01\/MV5BYWZlMTk2MTYtYTlhMC00MjRiLWJlYzYtMWEzODY0NzFjYjFlXkEyXkFqcGdeQXVyMTA0MTM5NjI2._V1_-768x1167.jpg 768w\" sizes=\"auto, (max-width: 987px) 100vw, 987px\" \/><\/figure>\n\n\n\n<figure class=\"wp-block-image size-large\"><img loading=\"lazy\" decoding=\"async\" width=\"1588\" height=\"1112\" data-id=\"495\" src=\"https:\/\/lacadirateatre.com\/wp-content\/uploads\/2024\/01\/il_1588xN.5628203691_d2ld.jpg\" alt=\"\" class=\"wp-image-495\" srcset=\"https:\/\/lacadirateatre.com\/wp-content\/uploads\/2024\/01\/il_1588xN.5628203691_d2ld.jpg 1588w, https:\/\/lacadirateatre.com\/wp-content\/uploads\/2024\/01\/il_1588xN.5628203691_d2ld-300x210.jpg 300w, https:\/\/lacadirateatre.com\/wp-content\/uploads\/2024\/01\/il_1588xN.5628203691_d2ld-1024x717.jpg 1024w, https:\/\/lacadirateatre.com\/wp-content\/uploads\/2024\/01\/il_1588xN.5628203691_d2ld-768x538.jpg 768w, https:\/\/lacadirateatre.com\/wp-content\/uploads\/2024\/01\/il_1588xN.5628203691_d2ld-1536x1076.jpg 1536w\" sizes=\"auto, (max-width: 1588px) 100vw, 1588px\" \/><\/figure>\n\n\n\n<figure class=\"wp-block-image size-large\"><img loading=\"lazy\" decoding=\"async\" width=\"831\" height=\"1200\" data-id=\"494\" src=\"https:\/\/lacadirateatre.com\/wp-content\/uploads\/2024\/01\/Glengarry_Glen_Ross_aExito_a_cualquier_precio-475932011-large.jpg\" alt=\"\" class=\"wp-image-494\" srcset=\"https:\/\/lacadirateatre.com\/wp-content\/uploads\/2024\/01\/Glengarry_Glen_Ross_aExito_a_cualquier_precio-475932011-large.jpg 831w, https:\/\/lacadirateatre.com\/wp-content\/uploads\/2024\/01\/Glengarry_Glen_Ross_aExito_a_cualquier_precio-475932011-large-208x300.jpg 208w, https:\/\/lacadirateatre.com\/wp-content\/uploads\/2024\/01\/Glengarry_Glen_Ross_aExito_a_cualquier_precio-475932011-large-709x1024.jpg 709w, https:\/\/lacadirateatre.com\/wp-content\/uploads\/2024\/01\/Glengarry_Glen_Ross_aExito_a_cualquier_precio-475932011-large-768x1109.jpg 768w\" sizes=\"auto, (max-width: 831px) 100vw, 831px\" \/><\/figure>\n\n\n\n<figure class=\"wp-block-image size-large\"><img loading=\"lazy\" decoding=\"async\" width=\"798\" height=\"1200\" data-id=\"493\" src=\"https:\/\/lacadirateatre.com\/wp-content\/uploads\/2024\/01\/El_gran_Lebowski-547096994-large.jpg\" alt=\"\" class=\"wp-image-493\" srcset=\"https:\/\/lacadirateatre.com\/wp-content\/uploads\/2024\/01\/El_gran_Lebowski-547096994-large.jpg 798w, https:\/\/lacadirateatre.com\/wp-content\/uploads\/2024\/01\/El_gran_Lebowski-547096994-large-200x300.jpg 200w, https:\/\/lacadirateatre.com\/wp-content\/uploads\/2024\/01\/El_gran_Lebowski-547096994-large-681x1024.jpg 681w, https:\/\/lacadirateatre.com\/wp-content\/uploads\/2024\/01\/El_gran_Lebowski-547096994-large-768x1155.jpg 768w\" sizes=\"auto, (max-width: 798px) 100vw, 798px\" \/><\/figure>\n\n\n\n<figure class=\"wp-block-image size-large\"><img loading=\"lazy\" decoding=\"async\" width=\"189\" height=\"266\" data-id=\"492\" src=\"https:\/\/lacadirateatre.com\/wp-content\/uploads\/2024\/01\/descarga.jpg\" alt=\"\" class=\"wp-image-492\"\/><\/figure>\n\n\n\n<figure class=\"wp-block-image size-large\"><img loading=\"lazy\" decoding=\"async\" width=\"201\" height=\"250\" data-id=\"491\" src=\"https:\/\/lacadirateatre.com\/wp-content\/uploads\/2024\/01\/descarga-1.jpg\" alt=\"\" class=\"wp-image-491\"\/><\/figure>\n\n\n\n<figure class=\"wp-block-image size-large\"><img loading=\"lazy\" decoding=\"async\" width=\"735\" height=\"1104\" data-id=\"490\" src=\"https:\/\/lacadirateatre.com\/wp-content\/uploads\/2024\/01\/dc465623fbea4ef51be4bf095c6f5c5f.jpg\" alt=\"\" class=\"wp-image-490\" srcset=\"https:\/\/lacadirateatre.com\/wp-content\/uploads\/2024\/01\/dc465623fbea4ef51be4bf095c6f5c5f.jpg 735w, https:\/\/lacadirateatre.com\/wp-content\/uploads\/2024\/01\/dc465623fbea4ef51be4bf095c6f5c5f-200x300.jpg 200w, https:\/\/lacadirateatre.com\/wp-content\/uploads\/2024\/01\/dc465623fbea4ef51be4bf095c6f5c5f-682x1024.jpg 682w\" sizes=\"auto, (max-width: 735px) 100vw, 735px\" \/><\/figure>\n\n\n\n<figure class=\"wp-block-image size-large\"><img loading=\"lazy\" decoding=\"async\" width=\"425\" height=\"600\" data-id=\"489\" src=\"https:\/\/lacadirateatre.com\/wp-content\/uploads\/2024\/01\/afiche-casablanca.jpeg\" alt=\"\" class=\"wp-image-489\" srcset=\"https:\/\/lacadirateatre.com\/wp-content\/uploads\/2024\/01\/afiche-casablanca.jpeg 425w, https:\/\/lacadirateatre.com\/wp-content\/uploads\/2024\/01\/afiche-casablanca-213x300.jpeg 213w\" sizes=\"auto, (max-width: 425px) 100vw, 425px\" \/><\/figure>\n\n\n\n<figure class=\"wp-block-image size-large\"><img loading=\"lazy\" decoding=\"async\" width=\"600\" height=\"800\" data-id=\"488\" src=\"https:\/\/lacadirateatre.com\/wp-content\/uploads\/2024\/01\/20309432.jpg\" alt=\"\" class=\"wp-image-488\" srcset=\"https:\/\/lacadirateatre.com\/wp-content\/uploads\/2024\/01\/20309432.jpg 600w, https:\/\/lacadirateatre.com\/wp-content\/uploads\/2024\/01\/20309432-225x300.jpg 225w\" sizes=\"auto, (max-width: 600px) 100vw, 600px\" \/><\/figure>\n\n\n\n<figure class=\"wp-block-image size-large\"><img loading=\"lazy\" decoding=\"async\" width=\"636\" height=\"1000\" data-id=\"487\" src=\"https:\/\/lacadirateatre.com\/wp-content\/uploads\/2024\/01\/518zV7F39qL._AC_UF8941000_QL80_.jpg\" alt=\"\" class=\"wp-image-487\" srcset=\"https:\/\/lacadirateatre.com\/wp-content\/uploads\/2024\/01\/518zV7F39qL._AC_UF8941000_QL80_.jpg 636w, https:\/\/lacadirateatre.com\/wp-content\/uploads\/2024\/01\/518zV7F39qL._AC_UF8941000_QL80_-191x300.jpg 191w\" sizes=\"auto, (max-width: 636px) 100vw, 636px\" \/><\/figure>\n\n\n\n<figure class=\"wp-block-image size-large\"><img loading=\"lazy\" decoding=\"async\" width=\"791\" height=\"1000\" data-id=\"486\" src=\"https:\/\/lacadirateatre.com\/wp-content\/uploads\/2024\/01\/81JMf4jbDgL._AC_UF8941000_QL80_.jpg\" alt=\"\" class=\"wp-image-486\" srcset=\"https:\/\/lacadirateatre.com\/wp-content\/uploads\/2024\/01\/81JMf4jbDgL._AC_UF8941000_QL80_.jpg 791w, https:\/\/lacadirateatre.com\/wp-content\/uploads\/2024\/01\/81JMf4jbDgL._AC_UF8941000_QL80_-237x300.jpg 237w, https:\/\/lacadirateatre.com\/wp-content\/uploads\/2024\/01\/81JMf4jbDgL._AC_UF8941000_QL80_-768x971.jpg 768w\" sizes=\"auto, (max-width: 791px) 100vw, 791px\" \/><\/figure>\n\n\n\n<figure class=\"wp-block-image size-large\"><img loading=\"lazy\" decoding=\"async\" width=\"705\" height=\"1000\" data-id=\"485\" src=\"https:\/\/lacadirateatre.com\/wp-content\/uploads\/2024\/01\/71AmktJtqgL._AC_UF8941000_QL80_.jpg\" alt=\"\" class=\"wp-image-485\" srcset=\"https:\/\/lacadirateatre.com\/wp-content\/uploads\/2024\/01\/71AmktJtqgL._AC_UF8941000_QL80_.jpg 705w, https:\/\/lacadirateatre.com\/wp-content\/uploads\/2024\/01\/71AmktJtqgL._AC_UF8941000_QL80_-212x300.jpg 212w\" sizes=\"auto, (max-width: 705px) 100vw, 705px\" \/><\/figure>\n\n\n\n<figure class=\"wp-block-image size-large\"><img loading=\"lazy\" decoding=\"async\" width=\"1675\" height=\"2560\" data-id=\"484\" src=\"https:\/\/lacadirateatre.com\/wp-content\/uploads\/2024\/01\/12_Angry_Men_1957_film_poster-scaled.jpg\" alt=\"\" class=\"wp-image-484\" srcset=\"https:\/\/lacadirateatre.com\/wp-content\/uploads\/2024\/01\/12_Angry_Men_1957_film_poster-scaled.jpg 1675w, https:\/\/lacadirateatre.com\/wp-content\/uploads\/2024\/01\/12_Angry_Men_1957_film_poster-196x300.jpg 196w, https:\/\/lacadirateatre.com\/wp-content\/uploads\/2024\/01\/12_Angry_Men_1957_film_poster-670x1024.jpg 670w, https:\/\/lacadirateatre.com\/wp-content\/uploads\/2024\/01\/12_Angry_Men_1957_film_poster-768x1174.jpg 768w, https:\/\/lacadirateatre.com\/wp-content\/uploads\/2024\/01\/12_Angry_Men_1957_film_poster-1005x1536.jpg 1005w, https:\/\/lacadirateatre.com\/wp-content\/uploads\/2024\/01\/12_Angry_Men_1957_film_poster-1340x2048.jpg 1340w\" sizes=\"auto, (max-width: 1675px) 100vw, 1675px\" \/><\/figure>\n<\/figure>\n","protected":false},"excerpt":{"rendered":"<p>Teatre La Cadira ofereix durant el mes de juliol 2024 en quatre sessions una aproximaci\u00f3 a algunes de les escenes i di\u00e0legs m\u00e9s memorables de la hist\u00f2ria del cinema: Pul &#8230;<\/p>\n","protected":false},"author":1,"featured_media":0,"parent":0,"menu_order":0,"comment_status":"closed","ping_status":"closed","template":"","meta":{"footnotes":""},"class_list":["post-483","page","type-page","status-publish","hentry"],"_links":{"self":[{"href":"https:\/\/lacadirateatre.com\/index.php?rest_route=\/wp\/v2\/pages\/483","targetHints":{"allow":["GET"]}}],"collection":[{"href":"https:\/\/lacadirateatre.com\/index.php?rest_route=\/wp\/v2\/pages"}],"about":[{"href":"https:\/\/lacadirateatre.com\/index.php?rest_route=\/wp\/v2\/types\/page"}],"author":[{"embeddable":true,"href":"https:\/\/lacadirateatre.com\/index.php?rest_route=\/wp\/v2\/users\/1"}],"replies":[{"embeddable":true,"href":"https:\/\/lacadirateatre.com\/index.php?rest_route=%2Fwp%2Fv2%2Fcomments&post=483"}],"version-history":[{"count":3,"href":"https:\/\/lacadirateatre.com\/index.php?rest_route=\/wp\/v2\/pages\/483\/revisions"}],"predecessor-version":[{"id":516,"href":"https:\/\/lacadirateatre.com\/index.php?rest_route=\/wp\/v2\/pages\/483\/revisions\/516"}],"wp:attachment":[{"href":"https:\/\/lacadirateatre.com\/index.php?rest_route=%2Fwp%2Fv2%2Fmedia&parent=483"}],"curies":[{"name":"wp","href":"https:\/\/api.w.org\/{rel}","templated":true}]}}